{"id":146,"date":"2019-11-17T17:27:56","date_gmt":"2019-11-17T17:27:56","guid":{"rendered":"https:\/\/criticanoespecializada.ml\/?page_id=146"},"modified":"2025-03-30T21:03:03","modified_gmt":"2025-03-31T00:03:03","slug":"escritor-en-critica-no-especializada","status":"publish","type":"page","link":"https:\/\/criticanoespecializada.com.ar\/en\/escritor-en-critica-no-especializada\/","title":{"rendered":"\u00bfEscritor apasionado? \u00a1Unite a Cr\u00edtica!"},"content":{"rendered":"<h2 class=\"wp-block-heading\">Ser de Cr\u00edtica no Especializada<\/h2>\n\n\n\n<figure class=\"wp-block-image alignwide size-large\"><img loading=\"lazy\" decoding=\"async\" width=\"1024\" height=\"579\" src=\"https:\/\/criticanoespecializada.com.ar\/wp-content\/uploads\/2021\/07\/misery-critica-no-especializada-1024x579.jpg\" alt=\"\u00bfEscritor apasionado? - S\u00e9 parte de Cr\u00edtica no Especializada\" class=\"wp-image-1297\" title=\"\" srcset=\"https:\/\/criticanoespecializada.com.ar\/wp-content\/uploads\/2021\/07\/misery-critica-no-especializada-1024x579.jpg 1024w, https:\/\/criticanoespecializada.com.ar\/wp-content\/uploads\/2021\/07\/misery-critica-no-especializada-300x170.jpg 300w, https:\/\/criticanoespecializada.com.ar\/wp-content\/uploads\/2021\/07\/misery-critica-no-especializada-768x434.jpg 768w, https:\/\/criticanoespecializada.com.ar\/wp-content\/uploads\/2021\/07\/misery-critica-no-especializada-16x9.jpg 16w, https:\/\/criticanoespecializada.com.ar\/wp-content\/uploads\/2021\/07\/misery-critica-no-especializada.jpg 1169w\" sizes=\"auto, (max-width: 1024px) 100vw, 1024px\" \/><figcaption class=\"wp-element-caption\">\u00bfEscritor apasionado? S\u00e9 parte de Cr\u00edtica no especializada<\/figcaption><\/figure>\n\n\n\n<p style=\"text-align: justify;\">Como leyeron seguramente en \u201c\u00bf<a href=\"https:\/\/criticanoespecializada.com.ar\/en\/que-es-critica-no-especializada\/\"><u>Qu\u00e9 es Cr\u00edtica no Especializada?<\/u><\/a>\u201d; nos definimos como un equipo de personas apasionadas por un tema en especial, seamos profesionales en ese tema o no. Creemos que hay muchas personas con gran capacidad de s\u00edntesis, de criterio y sobre todo de cr\u00edtica, por eso, no nos cerramos a nosotros mismos y decidimos expandirnos para armar una gran comunidad de \u201ccr\u00edticos <del>no<\/del> especializados\u201d, y si llegaste hasta ac\u00e1, es porque seguro quer\u00e9s proponernos algo. As\u00ed que redoblamos la apuesta y te proponemos que nos env\u00edes algo, para que te puedas sumar a nuestro equipo y para eso tenemos las siguientes condiciones para ordenarnos mejor:<\/p>\n<ul>\n<li style=\"text-align: justify;\">Primero y principal, debes <u><a href=\"https:\/\/criticanoespecializada.com.ar\/en\/registrarme\/\">suscribirte<\/a>, <\/u>si est\u00e1s viendo esta p\u00e1gina es porque ya estas suscripto, pero si no lo estas, te recomendamos que lo hagas, ya que es lo primero que confirmaremos.<\/li>\n<li style=\"text-align: justify;\">Un <em>blog<\/em> personal, canal de <em>YouTube<\/em> o <em>Podcast<\/em>, donde preferiblemente ya escribas sobre el tema del cual tambi\u00e9n quer\u00e9s escribir en la p\u00e1gina, puede ser con dominio propio o no, lo importantes es que lo tengas, este a su vez debe ser de un tema de entretenimiento ya que <u>Cr\u00edtica no Especializada<\/u> es una revista digital de entretenimiento y pensamiento.<\/li>\n<li style=\"text-align: justify;\">Crear un nombre para tu secci\u00f3n, (ej.: si escrib\u00eds sobre Rol, algo referido a Rol).<\/li>\n<li style=\"text-align: justify;\">Entregar 1 o 2 art\u00edculos sobre el tema a tratar, si es una noticia, especificarlo con urgencia con su posible vencimiento y si son 2, especificar cual debe publicarse primero. Este articulo debe ser rele\u00eddo por lo menos 2 veces y si es posible, pedile a un amigo o alguien m\u00e1s, que lo lea para un <em>feedback<\/em> m\u00e1s objetivo del mismo y sobre todo, ser cuidadoso con las faltas ortogr\u00e1ficas y gramaticales, seremos puntillosos al respecto.<\/li>\n<li style=\"text-align: justify;\">Estos art\u00edculos deben tener como m\u00ednimo 10000 caracteres con espacios (1500 palabras aproximadamente), este n\u00famero es solo para comenzar con la informaci\u00f3n, pod\u00e9s explayarse cuanto quieras, siempre y cuando no pierdas el hilo objetivo del art\u00edculo. Envialo en <em>Docs<\/em> de <em>Google Drive<\/em> para compartir (para hacer mas f\u00e1cil cualquier tipo de correcci\u00f3n que pueda surgir), junto con el articulo tambi\u00e9n un extracto o s\u00edntesis del m\u00ednimo (300 caracteres aprox.), palabras importantes para <em>etiquetas SEO<\/em>. Te recomendamos esta p\u00e1gina para sacar estos tipos de c\u00e1lculos tipogr\u00e1ficos con tus art\u00edculos: <a href=\"https:\/\/es.lipsum.com\/\" target=\"_blank\" rel=\"noopener noreferrer\">Lipsum<\/a><\/li>\n<li style=\"text-align: justify;\">Im\u00e1genes que est\u00e9n relacionadas con el art\u00edculo, desde 3 im\u00e1genes, numeradas en orden y con su respectivo nombre SEO, rectangulares en preferencia y que sean de uso p\u00fablico (<em>Creative Commons<\/em> o <em>CC<\/em>), si vos sos due\u00f1o de estas im\u00e1genes debes especificarlo.<\/li>\n<li style=\"text-align: justify;\">Un link que invite al lector a continuar con su art\u00edculo en otro lado de cualquier manera, este link tambi\u00e9n conocido como \u201cllamada a la acci\u00f3n\u201d, significa que tu informaci\u00f3n sirve para algo m\u00e1s o tiene un objetivo, pod\u00e9s utilizarlo para, generar clics en tu p\u00e1gina personal, la p\u00e1gina de alguien m\u00e1s, comentar el propio art\u00edculo, comprar un producto espec\u00edfico, promocionar tus propios talleres, charlas, <em>workshops<\/em>, etc.<\/li>\n<li style=\"text-align: justify;\">Una foto en modo &#8220;escritor&#8221;, esta imagen debe ser en plano medio, o sea del torso para arriba (la idea es que quede una imagen de un formato de corte cuadrado), donde se puedan ver los brazos y en preferencia en un fondo liso, ya que luego esta imagen se editar\u00e1 como caricatura y se ver\u00e1 en la secci\u00f3n \u201c<a href=\"https:\/\/criticanoespecializada.com.ar\/en\/miembros\/\"><u>nosotros<\/u><\/a>\u201d y \u201c<u>Quienes somos<\/u>\u201d, donde se describe al <em>staff<\/em> y como silueta en su imagen de presentaci\u00f3n que va a estar en cada art\u00edculo que publiquen antes del t\u00edtulo, Valoraremos la creatividad en este punto, atenci\u00f3n esta imagen es definitiva as\u00ed que te sugerimos que pienses bien como hacerla. Ac\u00e1 un link para que puedan ver los ejemplos: \u00a0<a href=\"https:\/\/bit.ly\/2XEdxk6\" target=\"_blank\" rel=\"noopener noreferrer\">Im\u00e1genes de referencia<\/a><\/li>\n<li style=\"text-align: justify;\">Una imagen de fondo que tenga que ver con tu secci\u00f3n y que tambi\u00e9n ser\u00e1 parte de la imagen de presentaci\u00f3n, o sea un fondo representativo, tambi\u00e9n en <em>CC<\/em> o propio (puede ser un collage).<\/li>\n<li style=\"text-align: justify;\">Una peque\u00f1a biograf\u00eda tuya sobre lo que quieras contar sobre vos y lo que el p\u00fablico va a esperar de vos en tus art\u00edculos como escritor o escritora.<\/li>\n<\/ul>\n<p style=\"text-align: justify;\">\u00a0\u00a0Con todas estas pautas te invitamos a que nos muestres lo que pod\u00e9s contarnos sobre tu pasi\u00f3n o tema preferido.<\/p>\n\n\n\n<figure class=\"wp-block-image alignwide size-large\"><img loading=\"lazy\" decoding=\"async\" width=\"900\" height=\"486\" src=\"https:\/\/criticanoespecializada.com.ar\/wp-content\/uploads\/2021\/07\/misery-critica-no-especializada2.jpg\" alt=\"\" class=\"wp-image-1298\" title=\"\" srcset=\"https:\/\/criticanoespecializada.com.ar\/wp-content\/uploads\/2021\/07\/misery-critica-no-especializada2.jpg 900w, https:\/\/criticanoespecializada.com.ar\/wp-content\/uploads\/2021\/07\/misery-critica-no-especializada2-300x162.jpg 300w, https:\/\/criticanoespecializada.com.ar\/wp-content\/uploads\/2021\/07\/misery-critica-no-especializada2-768x415.jpg 768w, https:\/\/criticanoespecializada.com.ar\/wp-content\/uploads\/2021\/07\/misery-critica-no-especializada2-16x9.jpg 16w\" sizes=\"auto, (max-width: 900px) 100vw, 900px\" \/><figcaption class=\"wp-element-caption\">\u00a1Muchas gracias! &#8211; Equipo de CnE<\/figcaption><\/figure>\n\n\n\n\n\n<h2 class=\"wp-block-heading\">Registrarme para ser escritor o escritora.<\/h2>\n\n\n\n<div class=\"wpcf7 no-js\" id=\"wpcf7-f70-o1\" lang=\"es-AR\" dir=\"ltr\" data-wpcf7-id=\"70\">\n<div class=\"screen-reader-response\"><p role=\"status\" aria-live=\"polite\" aria-atomic=\"true\"><\/p> <ul><\/ul><\/div>\n<form action=\"\/en\/wp-json\/wp\/v2\/pages\/146#wpcf7-f70-o1\" method=\"post\" class=\"wpcf7-form init\" aria-label=\"Formulario de contacto\" novalidate=\"novalidate\" data-status=\"init\" data-trp-original-action=\"\/en\/wp-json\/wp\/v2\/pages\/146#wpcf7-f70-o1\">\n<fieldset class=\"hidden-fields-container\"><input type=\"hidden\" name=\"_wpcf7\" value=\"70\" \/><input type=\"hidden\" name=\"_wpcf7_version\" value=\"6.1.5\" \/><input type=\"hidden\" name=\"_wpcf7_locale\" value=\"es_AR\" \/><input type=\"hidden\" name=\"_wpcf7_unit_tag\" value=\"wpcf7-f70-o1\" \/><input type=\"hidden\" name=\"_wpcf7_container_post\" value=\"0\" \/><input type=\"hidden\" name=\"_wpcf7_posted_data_hash\" value=\"\" \/><input type=\"hidden\" name=\"_wpcf7_recaptcha_response\" value=\"\" \/>\n<\/fieldset>\n<p><label> Nombre (obligatorio)<br \/>\n<span class=\"wpcf7-form-control-wrap\" data-name=\"your-name\"><input size=\"40\" maxlength=\"400\" class=\"wpcf7-form-control wpcf7-text wpcf7-validates-as-required\" aria-required=\"true\" aria-invalid=\"false\" value=\"\" type=\"text\" name=\"your-name\" \/><\/span> <\/label>\n<\/p>\n<p><label> Correo electr\u00f3nico (obligatorio)<br \/>\n<span class=\"wpcf7-form-control-wrap\" data-name=\"your-email\"><input size=\"40\" maxlength=\"400\" class=\"wpcf7-form-control wpcf7-email wpcf7-validates-as-required wpcf7-text wpcf7-validates-as-email\" aria-required=\"true\" aria-invalid=\"false\" value=\"\" type=\"email\" name=\"your-email\" \/><\/span> <\/label>\n<\/p>\n<p><label> Asunto<br \/>\n<span class=\"wpcf7-form-control-wrap\" data-name=\"your-subject\"><input size=\"40\" maxlength=\"400\" class=\"wpcf7-form-control wpcf7-text\" aria-invalid=\"false\" value=\"\" type=\"text\" name=\"your-subject\" \/><\/span> <\/label>\n<\/p>\n<p><label> Mensaje<br \/>\n<span class=\"wpcf7-form-control-wrap\" data-name=\"your-message\"><textarea cols=\"40\" rows=\"10\" maxlength=\"2000\" class=\"wpcf7-form-control wpcf7-textarea\" aria-invalid=\"false\" name=\"your-message\"><\/textarea><\/span> <\/label>\n<\/p>\n<p><input class=\"wpcf7-form-control wpcf7-submit has-spinner\" type=\"submit\" value=\"Enviar\" \/>\n<\/p><div class=\"wpcf7-response-output\" aria-hidden=\"true\"><\/div>\n<input type=\"hidden\" name=\"trp-form-language\" value=\"en\"\/><\/form>\n<\/div>","protected":false},"excerpt":{"rendered":"<p>Ser de Cr\u00edtica no Especializada Como leyeron seguramente en \u201c\u00bfQu\u00e9 es Cr\u00edtica no Especializada?\u201d; nos definimos como un equipo de personas apasionadas por un tema en especial, seamos profesionales en&hellip; <\/p>","protected":false},"author":1,"featured_media":0,"parent":0,"menu_order":0,"comment_status":"closed","ping_status":"closed","template":"","meta":{"googlesitekit_rrm_CAownYrbCw:productID":"","footnotes":""},"class_list":["post-146","page","type-page","status-publish","hentry"],"aioseo_notices":[],"_hostinger_reach_plugin_has_subscription_block":false,"_hostinger_reach_plugin_is_elementor":false,"_links":{"self":[{"href":"https:\/\/criticanoespecializada.com.ar\/en\/wp-json\/wp\/v2\/pages\/146","targetHints":{"allow":["GET"]}}],"collection":[{"href":"https:\/\/criticanoespecializada.com.ar\/en\/wp-json\/wp\/v2\/pages"}],"about":[{"href":"https:\/\/criticanoespecializada.com.ar\/en\/wp-json\/wp\/v2\/types\/page"}],"author":[{"embeddable":true,"href":"https:\/\/criticanoespecializada.com.ar\/en\/wp-json\/wp\/v2\/users\/1"}],"replies":[{"embeddable":true,"href":"https:\/\/criticanoespecializada.com.ar\/en\/wp-json\/wp\/v2\/comments?post=146"}],"version-history":[{"count":5,"href":"https:\/\/criticanoespecializada.com.ar\/en\/wp-json\/wp\/v2\/pages\/146\/revisions"}],"predecessor-version":[{"id":10009,"href":"https:\/\/criticanoespecializada.com.ar\/en\/wp-json\/wp\/v2\/pages\/146\/revisions\/10009"}],"wp:attachment":[{"href":"https:\/\/criticanoespecializada.com.ar\/en\/wp-json\/wp\/v2\/media?parent=146"}],"curies":[{"name":"wp","href":"https:\/\/api.w.org\/{rel}","templated":true}]}}