{"id":152,"date":"2019-11-17T18:24:08","date_gmt":"2019-11-17T18:24:08","guid":{"rendered":"https:\/\/criticanoespecializada.ml\/?page_id=152"},"modified":"2025-03-30T21:08:09","modified_gmt":"2025-03-31T00:08:09","slug":"criticos-no-especializados","status":"publish","type":"page","link":"https:\/\/criticanoespecializada.com.ar\/en\/criticos-no-especializados\/","title":{"rendered":"Asociaci\u00f3n Cr\u00edticos no Especializados"},"content":{"rendered":"<h2 class=\"wp-block-heading\">Ayud\u00e1 a que nuestros Cr\u00edticos sigan creciendo<\/h2>\n\n\n\n<figure class=\"wp-block-image alignwide size-large is-style-default\"><img loading=\"lazy\" decoding=\"async\" width=\"493\" height=\"368\" src=\"https:\/\/criticanoespecializada.ml\/wp-content\/uploads\/2019\/12\/ambos.jpg\" alt=\"ayuda a nuestros cr\u00edticos\" class=\"wp-image-356\" title=\"\" srcset=\"https:\/\/criticanoespecializada.com.ar\/wp-content\/uploads\/2019\/12\/ambos.jpg 493w, https:\/\/criticanoespecializada.com.ar\/wp-content\/uploads\/2019\/12\/ambos-300x224.jpg 300w\" sizes=\"auto, (max-width: 493px) 100vw, 493px\" \/><figcaption class=\"wp-element-caption\">Esperando el momento justo &#8211; \u00bfCr\u00edticos, d\u00f3nde est\u00e1n?<\/figcaption><\/figure>\n\n\n<p style=\"text-align: justify;\">Sabemos que crecer en con un medio independiente muchas veces es remar en un dulce de leche que estuvo en fr\u00edzer por error m\u00e1s de 3 meses (quien pone dulce de leche en el fr\u00edzer tambi\u00e9n, \u00bfno?), pero no nos damos por vencidos y contamos con todo tu apoyo para lograrlo.<\/p>\n<p style=\"text-align: justify;\">Este apoyo no tiene por qu\u00e9 ser monetario, tal vez seas parte de otro medio independiente, o tengas tu propio proyecto y lo quieras replicar con nosotros, toda interacci\u00f3n de difusi\u00f3n e invitaci\u00f3n es m\u00e1s que bienvenida.<\/p>\n<p style=\"text-align: justify;\">Por ahora somos parte de una app como muchos otros equilibristas de lo independiente, hablamos de Cafecito App, una aplicaci\u00f3n que nos permite recibir peque\u00f1os aportes de personas como vos que les gusta lo hacemos y nos da un peque\u00f1o empuje para seguir creciendo.<\/p>\n<p style=\"text-align: justify;\">Podes aportar con un &#8220;caf\u00e9&#8221; desde 50 pesos cada vez que quieras desde tu cuenta de Mercado Pago.\u00a0<\/p>\n<p style=\"text-align: justify;\">A partir de este aporte de sustento de este proyecto period\u00edstico independiente vas a recibir una membres\u00eda y un newsletter con las ultimas publicaciones semanales, recomendaciones, actualidad y otros beneficios exclusivos que solo nosotros podemos ofrecer.<\/p>\n\n\n<a href=\"https:\/\/cafecito.app\/critica\" rel=\"noopener\" target=\"_blank\"><img decoding=\"async\" srcset=\"https:\/\/cdn.cafecito.app\/imgs\/buttons\/button_5.png 1x, https:\/\/cdn.cafecito.app\/imgs\/buttons\/button_5_2x.png 2x, https:\/\/cdn.cafecito.app\/imgs\/buttons\/button_5_3.75x.png 3.75x\" src=\"https:\/\/cdn.cafecito.app\/imgs\/buttons\/button_5.png\" alt=\"Invitame un caf\u00e9 en cafecito.app\" title=\"\"><\/a>\n\n\n\n<div style=\"height:100px\" aria-hidden=\"true\" class=\"wp-block-spacer\"><\/div>\n\n\n\n<h2 class=\"wp-block-heading\">\u00bfNo pod\u00e9s aportar? No te preocupes, podes registrarte como suscriptor igual, queremos que seas parte.<\/h2>\n\n\n\n<div class=\"wpcf7 no-js\" id=\"wpcf7-f70-o1\" lang=\"es-AR\" dir=\"ltr\" data-wpcf7-id=\"70\">\n<div class=\"screen-reader-response\"><p role=\"status\" aria-live=\"polite\" aria-atomic=\"true\"><\/p> <ul><\/ul><\/div>\n<form action=\"\/en\/wp-json\/wp\/v2\/pages\/152#wpcf7-f70-o1\" method=\"post\" class=\"wpcf7-form init\" aria-label=\"Formulario de contacto\" novalidate=\"novalidate\" data-status=\"init\" data-trp-original-action=\"\/en\/wp-json\/wp\/v2\/pages\/152#wpcf7-f70-o1\">\n<fieldset class=\"hidden-fields-container\"><input type=\"hidden\" name=\"_wpcf7\" value=\"70\" \/><input type=\"hidden\" name=\"_wpcf7_version\" value=\"6.1.5\" \/><input type=\"hidden\" name=\"_wpcf7_locale\" value=\"es_AR\" \/><input type=\"hidden\" name=\"_wpcf7_unit_tag\" value=\"wpcf7-f70-o1\" \/><input type=\"hidden\" name=\"_wpcf7_container_post\" value=\"0\" \/><input type=\"hidden\" name=\"_wpcf7_posted_data_hash\" value=\"\" \/><input type=\"hidden\" name=\"_wpcf7_recaptcha_response\" value=\"\" \/>\n<\/fieldset>\n<p><label> Nombre (obligatorio)<br \/>\n<span class=\"wpcf7-form-control-wrap\" data-name=\"your-name\"><input size=\"40\" maxlength=\"400\" class=\"wpcf7-form-control wpcf7-text wpcf7-validates-as-required\" aria-required=\"true\" aria-invalid=\"false\" value=\"\" type=\"text\" name=\"your-name\" \/><\/span> <\/label>\n<\/p>\n<p><label> Correo electr\u00f3nico (obligatorio)<br \/>\n<span class=\"wpcf7-form-control-wrap\" data-name=\"your-email\"><input size=\"40\" maxlength=\"400\" class=\"wpcf7-form-control wpcf7-email wpcf7-validates-as-required wpcf7-text wpcf7-validates-as-email\" aria-required=\"true\" aria-invalid=\"false\" value=\"\" type=\"email\" name=\"your-email\" \/><\/span> <\/label>\n<\/p>\n<p><label> Asunto<br \/>\n<span class=\"wpcf7-form-control-wrap\" data-name=\"your-subject\"><input size=\"40\" maxlength=\"400\" class=\"wpcf7-form-control wpcf7-text\" aria-invalid=\"false\" value=\"\" type=\"text\" name=\"your-subject\" \/><\/span> <\/label>\n<\/p>\n<p><label> Mensaje<br \/>\n<span class=\"wpcf7-form-control-wrap\" data-name=\"your-message\"><textarea cols=\"40\" rows=\"10\" maxlength=\"2000\" class=\"wpcf7-form-control wpcf7-textarea\" aria-invalid=\"false\" name=\"your-message\"><\/textarea><\/span> <\/label>\n<\/p>\n<p><input class=\"wpcf7-form-control wpcf7-submit has-spinner\" type=\"submit\" value=\"Enviar\" \/>\n<\/p><div class=\"wpcf7-response-output\" aria-hidden=\"true\"><\/div>\n<input type=\"hidden\" name=\"trp-form-language\" value=\"en\"\/><\/form>\n<\/div>\n\n\n\n\n<h2 class=\"wp-block-heading\"><a href=\"http:\/\/que-es-critica-no-especializada-equipo-fundador\" data-type=\"URL\" data-id=\"que-es-critica-no-especializada-equipo-fundador\">Equipo fundador<\/a><\/h2>","protected":false},"excerpt":{"rendered":"<p>Ayud\u00e1 a que nuestros Cr\u00edticos sigan creciendo Sabemos que crecer en con un medio independiente muchas veces es remar en un dulce de leche que estuvo en fr\u00edzer por error&hellip; <\/p>","protected":false},"author":1,"featured_media":0,"parent":0,"menu_order":0,"comment_status":"closed","ping_status":"closed","template":"","meta":{"googlesitekit_rrm_CAownYrbCw:productID":"","footnotes":""},"class_list":["post-152","page","type-page","status-publish","hentry"],"aioseo_notices":[],"_hostinger_reach_plugin_has_subscription_block":false,"_hostinger_reach_plugin_is_elementor":false,"_links":{"self":[{"href":"https:\/\/criticanoespecializada.com.ar\/en\/wp-json\/wp\/v2\/pages\/152","targetHints":{"allow":["GET"]}}],"collection":[{"href":"https:\/\/criticanoespecializada.com.ar\/en\/wp-json\/wp\/v2\/pages"}],"about":[{"href":"https:\/\/criticanoespecializada.com.ar\/en\/wp-json\/wp\/v2\/types\/page"}],"author":[{"embeddable":true,"href":"https:\/\/criticanoespecializada.com.ar\/en\/wp-json\/wp\/v2\/users\/1"}],"replies":[{"embeddable":true,"href":"https:\/\/criticanoespecializada.com.ar\/en\/wp-json\/wp\/v2\/comments?post=152"}],"version-history":[{"count":5,"href":"https:\/\/criticanoespecializada.com.ar\/en\/wp-json\/wp\/v2\/pages\/152\/revisions"}],"predecessor-version":[{"id":10011,"href":"https:\/\/criticanoespecializada.com.ar\/en\/wp-json\/wp\/v2\/pages\/152\/revisions\/10011"}],"wp:attachment":[{"href":"https:\/\/criticanoespecializada.com.ar\/en\/wp-json\/wp\/v2\/media?parent=152"}],"curies":[{"name":"wp","href":"https:\/\/api.w.org\/{rel}","templated":true}]}}