{"id":1854,"date":"2021-08-05T22:46:14","date_gmt":"2021-08-06T01:46:14","guid":{"rendered":"https:\/\/criticanoespecializada.com.ar\/?page_id=1854"},"modified":"2022-09-19T12:35:00","modified_gmt":"2022-09-19T15:35:00","slug":"florencia-soto","status":"publish","type":"page","link":"https:\/\/criticanoespecializada.com.ar\/en\/florencia-soto\/","title":{"rendered":"Florencia Soto"},"content":{"rendered":"<h2 class=\"wp-block-heading\">El contenido es el mensaje por Florencia Soto<\/h2>\n\n\n\n<p style=\"text-align: justify;\"><img loading=\"lazy\" decoding=\"async\" class=\"alignleft wp-image-1868 size-medium\" title=\"Florencia Soto\" src=\"https:\/\/criticanoespecializada.com.ar\/wp-content\/uploads\/2021\/08\/Florencia-Soto-300x225.jpeg\" alt=\"Florencia Soto\" width=\"300\" height=\"225\" srcset=\"https:\/\/criticanoespecializada.com.ar\/wp-content\/uploads\/2021\/08\/Florencia-Soto-300x225.jpeg 300w, https:\/\/criticanoespecializada.com.ar\/wp-content\/uploads\/2021\/08\/Florencia-Soto-1024x768.jpeg 1024w, https:\/\/criticanoespecializada.com.ar\/wp-content\/uploads\/2021\/08\/Florencia-Soto-768x576.jpeg 768w, https:\/\/criticanoespecializada.com.ar\/wp-content\/uploads\/2021\/08\/Florencia-Soto-16x12.jpeg 16w, https:\/\/criticanoespecializada.com.ar\/wp-content\/uploads\/2021\/08\/Florencia-Soto.jpeg 1152w\" sizes=\"auto, (max-width: 300px) 100vw, 300px\" \/>\u00a1Hola, soy Florencia! Por ac\u00e1 sigo en la intensa batalla por terminar mi \u00bfcarrera? de Comunicaci\u00f3n Social en la Universidad Nacional de Moreno. Si, puse carrera entre signos de interrogaci\u00f3n porque me parece un tanto rid\u00edculo llamarle as\u00ed a algo que deber\u00eda ser lo m\u00e1s tranquilo del mundo, obviamente por todo lo que implica estudiar en Argentina, pero en alg\u00fan momento escribir\u00e9 sobre eso, por ahora me interesa hacer una especie de presentaci\u00f3n.<\/p>\n<p style=\"text-align: justify;\"><br \/>Me dedico a la fotograf\u00eda hace algunos a\u00f1os&#8230; Pas\u00e9 por fotograf\u00eda social y despu\u00e9s me empez\u00f3 a interesar la fotograf\u00eda infantil. Sin embargo hace meses empec\u00e9 a mirar m\u00e1s foto documental y callejera y me qued\u00e9 pr\u00e1cticamente encantada. Y es que tiene ese dejo de emoci\u00f3n y sentimiento no actuado que me llega much\u00edsimo y presiento que voy a quedarme por ah\u00ed. <br \/>Escribo desde chica, un poco de todo. En mi secci\u00f3n &#8220;El contenido es el mensaje&#8221; vas a encontrar relatos, cr\u00f3nicas, art\u00edculos de opini\u00f3n acerca de los medios y quiz\u00e1s algo m\u00e1s. Te invito a que est\u00e9s atento a mis escritos porque siempre salgo con algo interesante que contar.<\/p>\n<p style=\"text-align: justify;\">Soy <a href=\"https:\/\/criticanoespecializada.com.ar\/en\/category\/teoria\/el-contenido-es-el-mensaje\/\">Florencia Soto<\/a><br \/>Seguime en mi IG <a href=\"https:\/\/www.instagram.com\/flor____d.ph\/\" target=\"_blank\" rel=\"noopener\">@Flor<\/a><\/p>","protected":false},"excerpt":{"rendered":"<p>El contenido es el mensaje por Florencia Soto \u00a1Hola, soy Florencia! Por ac\u00e1 sigo en la intensa batalla por terminar mi \u00bfcarrera? de Comunicaci\u00f3n Social en la Universidad Nacional de&hellip; <\/p>","protected":false},"author":1,"featured_media":0,"parent":0,"menu_order":0,"comment_status":"closed","ping_status":"closed","template":"","meta":{"googlesitekit_rrm_CAownYrbCw:productID":"","footnotes":""},"class_list":["post-1854","page","type-page","status-publish","hentry"],"aioseo_notices":[],"_hostinger_reach_plugin_has_subscription_block":false,"_hostinger_reach_plugin_is_elementor":false,"_links":{"self":[{"href":"https:\/\/criticanoespecializada.com.ar\/en\/wp-json\/wp\/v2\/pages\/1854","targetHints":{"allow":["GET"]}}],"collection":[{"href":"https:\/\/criticanoespecializada.com.ar\/en\/wp-json\/wp\/v2\/pages"}],"about":[{"href":"https:\/\/criticanoespecializada.com.ar\/en\/wp-json\/wp\/v2\/types\/page"}],"author":[{"embeddable":true,"href":"https:\/\/criticanoespecializada.com.ar\/en\/wp-json\/wp\/v2\/users\/1"}],"replies":[{"embeddable":true,"href":"https:\/\/criticanoespecializada.com.ar\/en\/wp-json\/wp\/v2\/comments?post=1854"}],"version-history":[{"count":5,"href":"https:\/\/criticanoespecializada.com.ar\/en\/wp-json\/wp\/v2\/pages\/1854\/revisions"}],"predecessor-version":[{"id":1880,"href":"https:\/\/criticanoespecializada.com.ar\/en\/wp-json\/wp\/v2\/pages\/1854\/revisions\/1880"}],"wp:attachment":[{"href":"https:\/\/criticanoespecializada.com.ar\/en\/wp-json\/wp\/v2\/media?parent=1854"}],"curies":[{"name":"wp","href":"https:\/\/api.w.org\/{rel}","templated":true}]}}