{"id":292,"date":"2019-12-02T12:23:46","date_gmt":"2019-12-02T15:23:46","guid":{"rendered":"https:\/\/criticanoespecializada.ml\/?page_id=292"},"modified":"2021-07-22T18:09:31","modified_gmt":"2021-07-22T21:09:31","slug":"rosario-fernandez","status":"publish","type":"page","link":"https:\/\/criticanoespecializada.com.ar\/en\/rosario-fernandez\/","title":{"rendered":"Rosario Fern\u00e1ndez"},"content":{"rendered":"<h2 class=\"wp-block-heading\"><em>No tan Gamer<\/em> por Rosario Fern\u00e1ndez<\/h2>\n\n\n\n<div class=\"wp-block-media-text alignwide is-stacked-on-mobile\"><figure class=\"wp-block-media-text__media\"><img loading=\"lazy\" decoding=\"async\" width=\"1024\" height=\"888\" src=\"https:\/\/criticanoespecializada.ml\/wp-content\/uploads\/2019\/12\/Rosario-Fernandez-1024x888.jpg\" alt=\"\" class=\"wp-image-391 size-full\" title=\"\" srcset=\"https:\/\/criticanoespecializada.com.ar\/wp-content\/uploads\/2019\/12\/Rosario-Fernandez-1024x888.jpg 1024w, https:\/\/criticanoespecializada.com.ar\/wp-content\/uploads\/2019\/12\/Rosario-Fernandez-300x260.jpg 300w, https:\/\/criticanoespecializada.com.ar\/wp-content\/uploads\/2019\/12\/Rosario-Fernandez-768x666.jpg 768w, https:\/\/criticanoespecializada.com.ar\/wp-content\/uploads\/2019\/12\/Rosario-Fernandez.jpg 1245w\" sizes=\"auto, (max-width: 1024px) 100vw, 1024px\" \/><\/figure><div class=\"wp-block-media-text__content\">\n<div class=\"wp-block-group\"><div class=\"wp-block-group__inner-container is-layout-flow wp-block-group-is-layout-flow\">\n<p style=\"text-align: justify;\"><span style=\"font-weight: 400;\">Editora e ilustradora. Realiz\u00f3 sus estudios en la Universidad de Buenos Aires y en diversos talleres afines a su \u00e1rea de especializaci\u00f3n. Actualmente trabaja en un proyecto freelance de Edici\u00f3n, Ilustraci\u00f3n y Encuadernaci\u00f3n Artesanal. La no especialista en videojuegos nos contar\u00e1 sobre t\u00edtulos como <\/span><b><i>World of Warcraft<\/i><\/b><span style=\"font-weight: 400;\"> y <\/span><b><i>Hearthstone<\/i><\/b><span style=\"font-weight: 400;\">, haciendo hincapi\u00e9 no solo en la jugabilidad, sino tambi\u00e9n en la importancia que pueda tener la construcci\u00f3n est\u00e9tica, narrativa y audiovisual para enriquecer la experiencia de juego.\u00a0<\/span><\/p>\n<p style=\"text-align: justify;\"><span style=\"font-weight: 400;\">Para continuar viendo el trabajo de Rosario, ingres\u00e1 a\u00a0<\/span><span style=\"font-weight: 400;\"><a href=\"https:\/\/www.instagram.com\/roslight.year\/\" target=\"_blank\" rel=\"noopener noreferrer\">Roslight Year<\/a><\/span><\/p>\n<\/div><\/div>\n<\/div><\/div>","protected":false},"excerpt":{"rendered":"<p>No tan Gamer por Rosario Fern\u00e1ndez<\/p>","protected":false},"author":1,"featured_media":0,"parent":0,"menu_order":0,"comment_status":"closed","ping_status":"closed","template":"","meta":{"googlesitekit_rrm_CAownYrbCw:productID":"","footnotes":""},"class_list":["post-292","page","type-page","status-publish","hentry"],"aioseo_notices":[],"_hostinger_reach_plugin_has_subscription_block":false,"_hostinger_reach_plugin_is_elementor":false,"_links":{"self":[{"href":"https:\/\/criticanoespecializada.com.ar\/en\/wp-json\/wp\/v2\/pages\/292","targetHints":{"allow":["GET"]}}],"collection":[{"href":"https:\/\/criticanoespecializada.com.ar\/en\/wp-json\/wp\/v2\/pages"}],"about":[{"href":"https:\/\/criticanoespecializada.com.ar\/en\/wp-json\/wp\/v2\/types\/page"}],"author":[{"embeddable":true,"href":"https:\/\/criticanoespecializada.com.ar\/en\/wp-json\/wp\/v2\/users\/1"}],"replies":[{"embeddable":true,"href":"https:\/\/criticanoespecializada.com.ar\/en\/wp-json\/wp\/v2\/comments?post=292"}],"version-history":[{"count":4,"href":"https:\/\/criticanoespecializada.com.ar\/en\/wp-json\/wp\/v2\/pages\/292\/revisions"}],"predecessor-version":[{"id":1566,"href":"https:\/\/criticanoespecializada.com.ar\/en\/wp-json\/wp\/v2\/pages\/292\/revisions\/1566"}],"wp:attachment":[{"href":"https:\/\/criticanoespecializada.com.ar\/en\/wp-json\/wp\/v2\/media?parent=292"}],"curies":[{"name":"wp","href":"https:\/\/api.w.org\/{rel}","templated":true}]}}