{"id":305,"date":"2019-12-02T17:22:38","date_gmt":"2019-12-02T20:22:38","guid":{"rendered":"https:\/\/criticanoespecializada.ml\/?page_id=305"},"modified":"2022-09-19T12:42:23","modified_gmt":"2022-09-19T15:42:23","slug":"julieta-dahbar-ver-o-no-ver-una-obra","status":"publish","type":"page","link":"https:\/\/criticanoespecializada.com.ar\/en\/julieta-dahbar-ver-o-no-ver-una-obra\/","title":{"rendered":"Julieta Dahbar"},"content":{"rendered":"<h2 class=\"wp-block-heading\"><em>Ver o no ver una obra, esa es la cuesti\u00f3n<\/em> por Julieta Dahbar<\/h2>\n\n\n\n<div class=\"wp-block-media-text alignwide is-stacked-on-mobile is-vertically-aligned-center\"><figure class=\"wp-block-media-text__media\"><img loading=\"lazy\" decoding=\"async\" width=\"1024\" height=\"1024\" src=\"https:\/\/criticanoespecializada.ml\/wp-content\/uploads\/2019\/12\/Juelita-Dahbar-1024x1024.jpg\" alt=\"Julieta Dahbar\" class=\"wp-image-379 size-full\" title=\"\" srcset=\"https:\/\/criticanoespecializada.com.ar\/wp-content\/uploads\/2019\/12\/Juelita-Dahbar-1024x1024.jpg 1024w, https:\/\/criticanoespecializada.com.ar\/wp-content\/uploads\/2019\/12\/Juelita-Dahbar-300x300.jpg 300w, https:\/\/criticanoespecializada.com.ar\/wp-content\/uploads\/2019\/12\/Juelita-Dahbar-150x150.jpg 150w, https:\/\/criticanoespecializada.com.ar\/wp-content\/uploads\/2019\/12\/Juelita-Dahbar-768x768.jpg 768w, https:\/\/criticanoespecializada.com.ar\/wp-content\/uploads\/2019\/12\/Juelita-Dahbar.jpg 1080w\" sizes=\"auto, (max-width: 1024px) 100vw, 1024px\" \/><\/figure><div class=\"wp-block-media-text__content\">\n<p style=\"text-align: justify;\"><span style=\"font-weight: 400;\">Qui\u00e9n est\u00e1 detr\u00e1s de <em>Ver o no ver una obra<\/em>\u2026<\/span><\/p>\n<p style=\"text-align: justify;\"><span style=\"font-weight: 400;\">\u00a1Hola! Soy Julieta Dahbar, una chica de zona oeste de 20 a\u00f1os, reci\u00e9n salida del horno llamado ISER, con el t\u00edtulo de Guionista para Radio y Televisi\u00f3n. Pero ac\u00e1 entre nos, mi verdadera pasi\u00f3n es el teatro, porque podr\u00eda pasar la vida vi\u00e9ndolo, haci\u00e9ndolo o escribi\u00e9ndolo. A los 14 a\u00f1os empec\u00e9 clases de actuaci\u00f3n en la escuela de <strong>Agust\u00edn Alezzo<\/strong>, tambi\u00e9n pas\u00e9 por el Estudio Actoral de <strong>Julio Chavez<\/strong> y el Teatro Cultural San Mart\u00edn. <\/span><\/p>\n\n\n\n<p style=\"text-align: justify;\"><span style=\"font-weight: 400;\">En mi secci\u00f3n vas a tener una cr\u00edtica teatral a la semana, todas s\u00faper subjetivas porque la idea es que te hagas una imagen de lo que vas a ver, o c\u00f3mo te vas a sentir y en base a eso elijas si vale o no la pena pagar una entrada. Mi idea es servirle tanto a los simples mortales, que quieren elegir qu\u00e9 ir a ver el finde y no tienen mucha informaci\u00f3n sobre qu\u00e9 trata cada obra (acept\u00e9moslo, las descripciones de los teatros a veces quedan bastante cortas), y a la vez, transmitirle a los directores, actores y dramaturgos, cu\u00e1l es el punto de vista de alguien que presenci\u00f3 una funci\u00f3n. <\/span><\/p>\n\n\n\n<p style=\"text-align: justify;\"><span style=\"font-weight: 400;\">Qu\u00e9 funciona, qu\u00e9 no, qu\u00e9 podr\u00eda mejorarse y qu\u00e9 es perfecto. Gracias por leer y dejame tu opini\u00f3n, si quer\u00e9s que vaya a ver tu obra o ten\u00e9s alguna sugerencia, no dudes en contactarme al mail Juli.dahbar@gmail.com&nbsp;<\/span><\/p>\n<p><a href=\"https:\/\/criticanoespecializada.com.ar\/en\/julieta-dahbar\/\">Julieta Dahbar<\/a><\/p>\n<p><span style=\"font-weight: 400;\">\u00a1Te deseo mucho arte y teatro del bueno!<br>Enterate de mis notas en nuestro IG<br><a href=\"https:\/\/www.instagram.com\/critica.no.especializada\/\" target=\"_blank\" rel=\"noopener\">@critica.no.especializada<\/a><\/span><\/p>\n<\/div><\/div>","protected":false},"excerpt":{"rendered":"<p>Ver o no ver una obra, esa es la cuesti\u00f3n por Julieta Dahbar<\/p>","protected":false},"author":1,"featured_media":0,"parent":0,"menu_order":0,"comment_status":"closed","ping_status":"closed","template":"","meta":{"googlesitekit_rrm_CAownYrbCw:productID":"","footnotes":""},"class_list":["post-305","page","type-page","status-publish","hentry"],"aioseo_notices":[],"_hostinger_reach_plugin_has_subscription_block":false,"_hostinger_reach_plugin_is_elementor":false,"_links":{"self":[{"href":"https:\/\/criticanoespecializada.com.ar\/en\/wp-json\/wp\/v2\/pages\/305","targetHints":{"allow":["GET"]}}],"collection":[{"href":"https:\/\/criticanoespecializada.com.ar\/en\/wp-json\/wp\/v2\/pages"}],"about":[{"href":"https:\/\/criticanoespecializada.com.ar\/en\/wp-json\/wp\/v2\/types\/page"}],"author":[{"embeddable":true,"href":"https:\/\/criticanoespecializada.com.ar\/en\/wp-json\/wp\/v2\/users\/1"}],"replies":[{"embeddable":true,"href":"https:\/\/criticanoespecializada.com.ar\/en\/wp-json\/wp\/v2\/comments?post=305"}],"version-history":[{"count":5,"href":"https:\/\/criticanoespecializada.com.ar\/en\/wp-json\/wp\/v2\/pages\/305\/revisions"}],"predecessor-version":[{"id":3941,"href":"https:\/\/criticanoespecializada.com.ar\/en\/wp-json\/wp\/v2\/pages\/305\/revisions\/3941"}],"wp:attachment":[{"href":"https:\/\/criticanoespecializada.com.ar\/en\/wp-json\/wp\/v2\/media?parent=305"}],"curies":[{"name":"wp","href":"https:\/\/api.w.org\/{rel}","templated":true}]}}