{"id":309,"date":"2019-12-02T19:04:33","date_gmt":"2019-12-02T22:04:33","guid":{"rendered":"https:\/\/criticanoespecializada.ml\/?page_id=309"},"modified":"2022-09-19T12:47:01","modified_gmt":"2022-09-19T15:47:01","slug":"rocio-sedeno","status":"publish","type":"page","link":"https:\/\/criticanoespecializada.com.ar\/en\/rocio-sedeno\/","title":{"rendered":"Rocio Sede\u00f1o"},"content":{"rendered":"<h2 class=\"wp-block-heading\"><em>Sonando<\/em> por Rocio Sede\u00f1o<\/h2>\n\n\n\n<div class=\"wp-block-media-text alignwide is-stacked-on-mobile\"><figure class=\"wp-block-media-text__media\"><img loading=\"lazy\" decoding=\"async\" width=\"750\" height=\"929\" src=\"https:\/\/criticanoespecializada.ml\/wp-content\/uploads\/2019\/12\/Rocio-Sede\u00f1o.jpg\" alt=\"\" class=\"wp-image-386 size-full\" title=\"\" srcset=\"https:\/\/criticanoespecializada.com.ar\/wp-content\/uploads\/2019\/12\/Rocio-Sede\u00f1o.jpg 750w, https:\/\/criticanoespecializada.com.ar\/wp-content\/uploads\/2019\/12\/Rocio-Sede\u00f1o-242x300.jpg 242w\" sizes=\"auto, (max-width: 750px) 100vw, 750px\" \/><\/figure><div class=\"wp-block-media-text__content\">\n<p style=\"text-align: justify;\">Soy una estudiante de periodismo. Adoro la m\u00fasica, los conciertos y m\u00e1s m\u00fasica. Adem\u00e1s de escribir noticias sobre el tema, me gusta hacer un an\u00e1lisis m\u00e1s profundo de los artistas y los \u00e1lbumes.<\/p>\n<p style=\"text-align: justify;\">Podes seguirme en mis redes @rosxde_, que adem\u00e1s de compartir memes y datos curiosos, siempre adelant\u00f3 bocados de las pr\u00f3ximas notas.<\/p>\n<p style=\"text-align: justify;\">Mi blog donde comparto otros escritos:<\/p>\n<p style=\"text-align: justify;\"><a href=\"https:\/\/rosededot.blogspot.com\/?m=1\" target=\"_blank\" rel=\"noopener noreferrer\">rosedeDOTcom<\/a><\/p>\n<\/div><\/div>","protected":false},"excerpt":{"rendered":"<p>Sonando por Rocio Sede\u00f1o<\/p>","protected":false},"author":1,"featured_media":0,"parent":0,"menu_order":0,"comment_status":"closed","ping_status":"closed","template":"","meta":{"googlesitekit_rrm_CAownYrbCw:productID":"","footnotes":""},"class_list":["post-309","page","type-page","status-publish","hentry"],"aioseo_notices":[],"_hostinger_reach_plugin_has_subscription_block":false,"_hostinger_reach_plugin_is_elementor":false,"_links":{"self":[{"href":"https:\/\/criticanoespecializada.com.ar\/en\/wp-json\/wp\/v2\/pages\/309","targetHints":{"allow":["GET"]}}],"collection":[{"href":"https:\/\/criticanoespecializada.com.ar\/en\/wp-json\/wp\/v2\/pages"}],"about":[{"href":"https:\/\/criticanoespecializada.com.ar\/en\/wp-json\/wp\/v2\/types\/page"}],"author":[{"embeddable":true,"href":"https:\/\/criticanoespecializada.com.ar\/en\/wp-json\/wp\/v2\/users\/1"}],"replies":[{"embeddable":true,"href":"https:\/\/criticanoespecializada.com.ar\/en\/wp-json\/wp\/v2\/comments?post=309"}],"version-history":[{"count":5,"href":"https:\/\/criticanoespecializada.com.ar\/en\/wp-json\/wp\/v2\/pages\/309\/revisions"}],"predecessor-version":[{"id":1560,"href":"https:\/\/criticanoespecializada.com.ar\/en\/wp-json\/wp\/v2\/pages\/309\/revisions\/1560"}],"wp:attachment":[{"href":"https:\/\/criticanoespecializada.com.ar\/en\/wp-json\/wp\/v2\/media?parent=309"}],"curies":[{"name":"wp","href":"https:\/\/api.w.org\/{rel}","templated":true}]}}