{"id":3316,"date":"2022-05-09T21:59:01","date_gmt":"2022-05-10T00:59:01","guid":{"rendered":"https:\/\/criticanoespecializada.com.ar\/?page_id=3316"},"modified":"2025-03-22T21:51:48","modified_gmt":"2025-03-23T00:51:48","slug":"andrea-baez-entre-libros-y-cafe","status":"publish","type":"page","link":"https:\/\/criticanoespecializada.com.ar\/en\/andrea-baez-entre-libros-y-cafe\/","title":{"rendered":"Andrea Baez"},"content":{"rendered":"<h2 class=\"wp-block-heading\"><a href=\"https:\/\/criticanoespecializada.com.ar\/en\/timeline-category\/libros-y-cafe\/\" target=\"_blank\" rel=\"noreferrer noopener\">Entre libros y caf\u00e9<\/a> por Andrea Baez<\/h2>\n\n\n\n<div class=\"wp-block-columns alignwide is-layout-flex wp-container-core-columns-is-layout-9d6595d7 wp-block-columns-is-layout-flex\">\n<div class=\"wp-block-column is-layout-flow wp-block-column-is-layout-flow\" style=\"flex-basis:50%\">\n<figure class=\"wp-block-image size-large\"><img loading=\"lazy\" decoding=\"async\" width=\"768\" height=\"1024\" src=\"https:\/\/criticanoespecializada.com.ar\/wp-content\/uploads\/2022\/05\/andy-baez-1-768x1024.jpeg\" alt=\"Andrea Baez\" class=\"wp-image-3321\" title=\"\" srcset=\"https:\/\/criticanoespecializada.com.ar\/wp-content\/uploads\/2022\/05\/andy-baez-1-768x1024.jpeg 768w, https:\/\/criticanoespecializada.com.ar\/wp-content\/uploads\/2022\/05\/andy-baez-1-225x300.jpeg 225w, https:\/\/criticanoespecializada.com.ar\/wp-content\/uploads\/2022\/05\/andy-baez-1-1152x1536.jpeg 1152w, https:\/\/criticanoespecializada.com.ar\/wp-content\/uploads\/2022\/05\/andy-baez-1-9x12.jpeg 9w, https:\/\/criticanoespecializada.com.ar\/wp-content\/uploads\/2022\/05\/andy-baez-1.jpeg 1200w\" sizes=\"auto, (max-width: 768px) 100vw, 768px\" \/><figcaption class=\"wp-element-caption\"><a href=\"https:\/\/criticanoespecializada.com.ar\/en\/timeline-category\/libros-y-cafe\/\" target=\"_blank\" rel=\"noreferrer noopener\">Entre libros y caf\u00e9<\/a><\/figcaption><\/figure>\n<\/div>\n\n\n\n<div class=\"wp-block-column is-layout-flow wp-block-column-is-layout-flow\" style=\"flex-basis:50%\">\n<p style=\"text-align: left;\">Andrea Baez naci\u00f3 en 1994 en Vicente L\u00f3pez, provincia de Buenos Aires. Es locutora, actriz de doblaje, community manager, copywriter y editora audiovisual.<\/p>\n<p style=\"text-align: left;\">Actualmente se encuentra cursando la carrera de producci\u00f3n de radio y tv en el Iser. Adem\u00e1s, se desempe\u00f1a como co-conductora en el programa de radio <a href=\"https:\/\/open.spotify.com\/show\/62eAaea8llp6Ko5P3CSrms\" target=\"_blank\" rel=\"noopener\">\u201cNo me hables tan temprano\u201d<\/a> y rese\u00f1a libros en su cuenta de Instagram <a href=\"https:\/\/www.instagram.com\/enlibrosycafe\/\" target=\"_blank\" rel=\"noopener\">@Enlibrosycafe<\/a>.<\/p>\n<\/div>\n<\/div>","protected":false},"excerpt":{"rendered":"<p>Entre libros y caf\u00e9 por Andrea Baez Andrea Baez naci\u00f3 en 1994 en Vicente L\u00f3pez, provincia de Buenos Aires. Es locutora, actriz de doblaje, community manager, copywriter y editora audiovisual.&hellip; <\/p>","protected":false},"author":14,"featured_media":0,"parent":0,"menu_order":0,"comment_status":"open","ping_status":"closed","template":"","meta":{"googlesitekit_rrm_CAownYrbCw:productID":"","footnotes":""},"class_list":["post-3316","page","type-page","status-publish","hentry"],"aioseo_notices":[],"_hostinger_reach_plugin_has_subscription_block":false,"_hostinger_reach_plugin_is_elementor":false,"_links":{"self":[{"href":"https:\/\/criticanoespecializada.com.ar\/en\/wp-json\/wp\/v2\/pages\/3316","targetHints":{"allow":["GET"]}}],"collection":[{"href":"https:\/\/criticanoespecializada.com.ar\/en\/wp-json\/wp\/v2\/pages"}],"about":[{"href":"https:\/\/criticanoespecializada.com.ar\/en\/wp-json\/wp\/v2\/types\/page"}],"author":[{"embeddable":true,"href":"https:\/\/criticanoespecializada.com.ar\/en\/wp-json\/wp\/v2\/users\/14"}],"replies":[{"embeddable":true,"href":"https:\/\/criticanoespecializada.com.ar\/en\/wp-json\/wp\/v2\/comments?post=3316"}],"version-history":[{"count":5,"href":"https:\/\/criticanoespecializada.com.ar\/en\/wp-json\/wp\/v2\/pages\/3316\/revisions"}],"predecessor-version":[{"id":9943,"href":"https:\/\/criticanoespecializada.com.ar\/en\/wp-json\/wp\/v2\/pages\/3316\/revisions\/9943"}],"wp:attachment":[{"href":"https:\/\/criticanoespecializada.com.ar\/en\/wp-json\/wp\/v2\/media?parent=3316"}],"curies":[{"name":"wp","href":"https:\/\/api.w.org\/{rel}","templated":true}]}}