{"id":334,"date":"2019-12-02T20:45:53","date_gmt":"2019-12-02T23:45:53","guid":{"rendered":"https:\/\/criticanoespecializada.ml\/?page_id=334"},"modified":"2025-03-22T23:31:18","modified_gmt":"2025-03-23T02:31:18","slug":"damian-wolf-critica-no-especialidaza","status":"publish","type":"page","link":"https:\/\/criticanoespecializada.com.ar\/en\/damian-wolf-critica-no-especialidaza\/","title":{"rendered":"Dami\u00e1n Wolf"},"content":{"rendered":"<h2 class=\"wp-block-heading\">\u00bf<em>Ciencia o Ficci\u00f3n<\/em>? Por Dami\u00e1n Wolf<\/h2>\n\n\n\n<div class=\"wp-block-media-text alignwide is-stacked-on-mobile\"><figure class=\"wp-block-media-text__media\"><img loading=\"lazy\" decoding=\"async\" width=\"576\" height=\"1024\" src=\"https:\/\/criticanoespecializada.ml\/wp-content\/uploads\/2019\/12\/78261457_475974636359497_4889899757750714368_n-576x1024.jpg\" alt=\"Dami\u00e1n Wolf\" class=\"wp-image-335 size-full\" title=\"\" srcset=\"https:\/\/criticanoespecializada.com.ar\/wp-content\/uploads\/2019\/12\/78261457_475974636359497_4889899757750714368_n-576x1024.jpg 576w, https:\/\/criticanoespecializada.com.ar\/wp-content\/uploads\/2019\/12\/78261457_475974636359497_4889899757750714368_n-169x300.jpg 169w, https:\/\/criticanoespecializada.com.ar\/wp-content\/uploads\/2019\/12\/78261457_475974636359497_4889899757750714368_n.jpg 720w\" sizes=\"auto, (max-width: 576px) 100vw, 576px\" \/><\/figure><div class=\"wp-block-media-text__content\">\n<p style=\"text-align: left;\"><span style=\"font-weight: 400;\">Un estudiante de F\u00edsica, apasionado por la ciencia y los nuevos descubrimientos cient\u00edficos, fan\u00e1tico de los juegos de mesa, los <em>wargames<\/em>, el modelismo, el manga y los videojuegos. Un proselitista del ayuno intermitente y la buena alimentaci\u00f3n, esc\u00e9ptico por naturaleza y abnegado seguidor del estoicismo como filosof\u00eda de vida, todo esto sin perder la picard\u00eda, entendiendo que la vida es una sola; \u201c<\/span><i><span style=\"font-weight: 400;\">memento mori men, memento mori &lt;3\u201d<\/span><\/i><span style=\"font-weight: 400;\">.<\/span><\/p>\n<p style=\"text-align: left;\"><span style=\"font-weight: 400;\">A <a href=\"https:\/\/www.instagram.com\/matiashikedaya\/\" target=\"_blank\" rel=\"noopener\">Damian Wolf<\/a>, lo encontrar\u00e1n en el apartado de \u201c<a href=\"https:\/\/criticanoespecializada.com.ar\/en\/el-espiritu-de-la-maquina\/\">Ciencia o Ficci\u00f3n<\/a>\u201d escribiendo mayormente sobre novedades y curiosidades del \u00e1mbito de la ciencia y cu\u00e1nto nos acercan a la utop\u00eda fant\u00e1stica del Sci-Fi.<br \/><\/span><\/p>\n<\/div><\/div>","protected":false},"excerpt":{"rendered":"<p>\u00bfCiencia o Ficci\u00f3n? Por Dami\u00e1n Wolf<\/p>","protected":false},"author":1,"featured_media":0,"parent":0,"menu_order":0,"comment_status":"closed","ping_status":"closed","template":"","meta":{"googlesitekit_rrm_CAownYrbCw:productID":"","footnotes":""},"class_list":["post-334","page","type-page","status-publish","hentry"],"aioseo_notices":[],"_hostinger_reach_plugin_has_subscription_block":false,"_hostinger_reach_plugin_is_elementor":false,"_links":{"self":[{"href":"https:\/\/criticanoespecializada.com.ar\/en\/wp-json\/wp\/v2\/pages\/334","targetHints":{"allow":["GET"]}}],"collection":[{"href":"https:\/\/criticanoespecializada.com.ar\/en\/wp-json\/wp\/v2\/pages"}],"about":[{"href":"https:\/\/criticanoespecializada.com.ar\/en\/wp-json\/wp\/v2\/types\/page"}],"author":[{"embeddable":true,"href":"https:\/\/criticanoespecializada.com.ar\/en\/wp-json\/wp\/v2\/users\/1"}],"replies":[{"embeddable":true,"href":"https:\/\/criticanoespecializada.com.ar\/en\/wp-json\/wp\/v2\/comments?post=334"}],"version-history":[{"count":4,"href":"https:\/\/criticanoespecializada.com.ar\/en\/wp-json\/wp\/v2\/pages\/334\/revisions"}],"predecessor-version":[{"id":9945,"href":"https:\/\/criticanoespecializada.com.ar\/en\/wp-json\/wp\/v2\/pages\/334\/revisions\/9945"}],"wp:attachment":[{"href":"https:\/\/criticanoespecializada.com.ar\/en\/wp-json\/wp\/v2\/media?parent=334"}],"curies":[{"name":"wp","href":"https:\/\/api.w.org\/{rel}","templated":true}]}}