{"id":3513,"date":"2022-05-31T20:10:31","date_gmt":"2022-05-31T23:10:31","guid":{"rendered":"https:\/\/criticanoespecializada.com.ar\/?page_id=3513"},"modified":"2022-09-19T12:49:33","modified_gmt":"2022-09-19T15:49:33","slug":"sol-muniz","status":"publish","type":"page","link":"https:\/\/criticanoespecializada.com.ar\/en\/sol-muniz\/","title":{"rendered":"Sol Mu\u00f1iz"},"content":{"rendered":"<h2 class=\"wp-block-heading\"><a href=\"https:\/\/criticanoespecializada.com.ar\/en\/category\/musica\/\" target=\"_blank\" rel=\"noreferrer noopener\">El transcender del rock<\/a> por <a href=\"https:\/\/www.instagram.com\/caramelito_de_cianuroo\/\" target=\"_blank\" rel=\"noreferrer noopener\">Sol Mu\u00f1iz<\/a><\/h2>\n\n\n\n<div class=\"wp-block-columns is-layout-flex wp-container-core-columns-is-layout-9d6595d7 wp-block-columns-is-layout-flex\">\n<div class=\"wp-block-column is-layout-flow wp-block-column-is-layout-flow\" style=\"flex-basis:33.33%\">\n<figure class=\"wp-block-image size-full is-resized\"><img loading=\"lazy\" decoding=\"async\" src=\"https:\/\/criticanoespecializada.com.ar\/wp-content\/uploads\/2022\/05\/sol-muniz-1.jpg\" alt=\"Sol Mu\u00f1iz\" class=\"wp-image-3514\" width=\"331\" height=\"320\" title=\"\" srcset=\"https:\/\/criticanoespecializada.com.ar\/wp-content\/uploads\/2022\/05\/sol-muniz-1.jpg 720w, https:\/\/criticanoespecializada.com.ar\/wp-content\/uploads\/2022\/05\/sol-muniz-1-300x291.jpg 300w, https:\/\/criticanoespecializada.com.ar\/wp-content\/uploads\/2022\/05\/sol-muniz-1-12x12.jpg 12w\" sizes=\"auto, (max-width: 331px) 100vw, 331px\" \/><\/figure>\n<\/div>\n\n\n\n<div class=\"wp-block-column is-layout-flow wp-block-column-is-layout-flow\" style=\"flex-basis:66.66%\">\n<p>Sol Mu\u00f1iz est\u00e1 cursando el \u00faltimo a\u00f1o de secundaria en una escuela de ciencias econ\u00f3micas. Adem\u00e1s de la m\u00fasica, le gusta leer y escribe poes\u00eda en su tiempo libre.<\/p>\n<\/div>\n<\/div>","protected":false},"excerpt":{"rendered":"<p>El transcender del rock por Sol Mu\u00f1iz Sol Mu\u00f1iz est\u00e1 cursando el \u00faltimo a\u00f1o de secundaria en una escuela de ciencias econ\u00f3micas. Adem\u00e1s de la m\u00fasica, le gusta leer y&hellip; <\/p>","protected":false},"author":14,"featured_media":0,"parent":0,"menu_order":0,"comment_status":"closed","ping_status":"closed","template":"","meta":{"googlesitekit_rrm_CAownYrbCw:productID":"","footnotes":""},"class_list":["post-3513","page","type-page","status-publish","hentry"],"aioseo_notices":[],"_hostinger_reach_plugin_has_subscription_block":false,"_hostinger_reach_plugin_is_elementor":false,"_links":{"self":[{"href":"https:\/\/criticanoespecializada.com.ar\/en\/wp-json\/wp\/v2\/pages\/3513","targetHints":{"allow":["GET"]}}],"collection":[{"href":"https:\/\/criticanoespecializada.com.ar\/en\/wp-json\/wp\/v2\/pages"}],"about":[{"href":"https:\/\/criticanoespecializada.com.ar\/en\/wp-json\/wp\/v2\/types\/page"}],"author":[{"embeddable":true,"href":"https:\/\/criticanoespecializada.com.ar\/en\/wp-json\/wp\/v2\/users\/14"}],"replies":[{"embeddable":true,"href":"https:\/\/criticanoespecializada.com.ar\/en\/wp-json\/wp\/v2\/comments?post=3513"}],"version-history":[{"count":2,"href":"https:\/\/criticanoespecializada.com.ar\/en\/wp-json\/wp\/v2\/pages\/3513\/revisions"}],"predecessor-version":[{"id":3943,"href":"https:\/\/criticanoespecializada.com.ar\/en\/wp-json\/wp\/v2\/pages\/3513\/revisions\/3943"}],"wp:attachment":[{"href":"https:\/\/criticanoespecializada.com.ar\/en\/wp-json\/wp\/v2\/media?parent=3513"}],"curies":[{"name":"wp","href":"https:\/\/api.w.org\/{rel}","templated":true}]}}