{"id":431,"date":"2019-12-04T23:39:21","date_gmt":"2019-12-05T02:39:21","guid":{"rendered":"https:\/\/criticanoespecializada.ml\/?page_id=431"},"modified":"2022-09-19T12:41:02","modified_gmt":"2022-09-19T15:41:02","slug":"ivo-becacece-teoricos-del-rock","status":"publish","type":"page","link":"https:\/\/criticanoespecializada.com.ar\/en\/ivo-becacece-teoricos-del-rock\/","title":{"rendered":"Ivo Becacece"},"content":{"rendered":"<h2 class=\"wp-block-heading\"><em>Te\u00f3ricos del Rock<\/em> por Ivo Becacece<\/h2>\n\n\n\n<div class=\"wp-block-media-text alignwide is-stacked-on-mobile\"><figure class=\"wp-block-media-text__media\"><img loading=\"lazy\" decoding=\"async\" width=\"640\" height=\"640\" src=\"https:\/\/criticanoespecializada.ml\/wp-content\/uploads\/2019\/12\/Ivan-Becacece-1.jpg\" alt=\"Ivo Becacece\" class=\"wp-image-432 size-full\" title=\"\" srcset=\"https:\/\/criticanoespecializada.com.ar\/wp-content\/uploads\/2019\/12\/Ivan-Becacece-1.jpg 640w, https:\/\/criticanoespecializada.com.ar\/wp-content\/uploads\/2019\/12\/Ivan-Becacece-1-300x300.jpg 300w, https:\/\/criticanoespecializada.com.ar\/wp-content\/uploads\/2019\/12\/Ivan-Becacece-1-150x150.jpg 150w\" sizes=\"auto, (max-width: 640px) 100vw, 640px\" \/><\/figure><div class=\"wp-block-media-text__content\">\n<p style=\"text-align: justify;\">Estudio en la UBA dise\u00f1o gr\u00e1fico, sumado a dise\u00f1o multimedial en la escuela de arte multimedial Da Vinci, luego sum\u00f3 a sus estudios producci\u00f3n musical en la TECSON. Fan\u00e1tico desde chico de diferentes formatos televisivos tanto de realities como series de alto presupuesto e internacionales y siguiendo de cerca vanguardias televisivas.<\/p>\n<p style=\"text-align: justify;\">\u00a0En su secci\u00f3n \u201cTe\u00f3ricos del rock\u201d, estar\u00e1 a cargo de las secciones de series tanto de la plataforma Netflix, de TV, como otros servicios pago de streaming (HBO), adem\u00e1s contar\u00e1 un blog personal donde quedar\u00e1 registrada la informaci\u00f3n de programa tras programa. La segunda parte, pero no menos importante de su secci\u00f3n ser\u00e1 de eventos musicales, estos ser\u00e1n aleatorios, de diferentes g\u00e9neros musicales, con novedades, noticias, cr\u00f3nicas y expectativas.<\/p>\n<\/div><\/div>","protected":false},"excerpt":{"rendered":"<p>Te\u00f3ricos del Rock por Ivo Becacece<\/p>","protected":false},"author":1,"featured_media":0,"parent":0,"menu_order":0,"comment_status":"closed","ping_status":"closed","template":"","meta":{"googlesitekit_rrm_CAownYrbCw:productID":"","footnotes":""},"class_list":["post-431","page","type-page","status-publish","hentry"],"aioseo_notices":[],"_hostinger_reach_plugin_has_subscription_block":false,"_hostinger_reach_plugin_is_elementor":false,"_links":{"self":[{"href":"https:\/\/criticanoespecializada.com.ar\/en\/wp-json\/wp\/v2\/pages\/431","targetHints":{"allow":["GET"]}}],"collection":[{"href":"https:\/\/criticanoespecializada.com.ar\/en\/wp-json\/wp\/v2\/pages"}],"about":[{"href":"https:\/\/criticanoespecializada.com.ar\/en\/wp-json\/wp\/v2\/types\/page"}],"author":[{"embeddable":true,"href":"https:\/\/criticanoespecializada.com.ar\/en\/wp-json\/wp\/v2\/users\/1"}],"replies":[{"embeddable":true,"href":"https:\/\/criticanoespecializada.com.ar\/en\/wp-json\/wp\/v2\/comments?post=431"}],"version-history":[{"count":3,"href":"https:\/\/criticanoespecializada.com.ar\/en\/wp-json\/wp\/v2\/pages\/431\/revisions"}],"predecessor-version":[{"id":3940,"href":"https:\/\/criticanoespecializada.com.ar\/en\/wp-json\/wp\/v2\/pages\/431\/revisions\/3940"}],"wp:attachment":[{"href":"https:\/\/criticanoespecializada.com.ar\/en\/wp-json\/wp\/v2\/media?parent=431"}],"curies":[{"name":"wp","href":"https:\/\/api.w.org\/{rel}","templated":true}]}}