{"id":440,"date":"2019-12-05T11:01:24","date_gmt":"2019-12-05T14:01:24","guid":{"rendered":"https:\/\/criticanoespecializada.ml\/?page_id=440"},"modified":"2022-09-19T12:34:03","modified_gmt":"2022-09-19T15:34:03","slug":"ezequiel-olasagasti","status":"publish","type":"page","link":"https:\/\/criticanoespecializada.com.ar\/en\/ezequiel-olasagasti\/","title":{"rendered":"Ezequiel Olasagasti"},"content":{"rendered":"<h2 class=\"wp-block-heading\"><em>Detr\u00e1s de las letras<\/em> por Ezequiel Olasagasti<\/h2>\n\n\n\n<div class=\"wp-block-media-text alignwide is-stacked-on-mobile\" style=\"grid-template-columns:46% auto\"><figure class=\"wp-block-media-text__media\"><img loading=\"lazy\" decoding=\"async\" width=\"717\" height=\"983\" src=\"https:\/\/criticanoespecializada.ml\/wp-content\/uploads\/2019\/12\/Ezequien-Olasagasti-1.jpg\" alt=\"Ezequiel Olasagasti\" class=\"wp-image-447 size-full\" title=\"\" srcset=\"https:\/\/criticanoespecializada.com.ar\/wp-content\/uploads\/2019\/12\/Ezequien-Olasagasti-1.jpg 717w, https:\/\/criticanoespecializada.com.ar\/wp-content\/uploads\/2019\/12\/Ezequien-Olasagasti-1-219x300.jpg 219w\" sizes=\"auto, (max-width: 717px) 100vw, 717px\" \/><\/figure><div class=\"wp-block-media-text__content\">\n<p style=\"text-align: justify;\">Naci\u00f3 en San Nicol\u00e1s, Buenos Aires, pero vivi\u00f3 casi toda su vida en Mor\u00f3n. Es periodista, conduce el programa de radio \u201cNo me hables tan temprano\u201d por radio Mpauatro y hace columnas literarias en el programa \u201cMetal desde abajo\u201d de Radio \u00c9ter. Ezequiel es escritor de ficci\u00f3n. P\u00fablico dos libros de cuentos llamados \u201cEl hueco del rel\u00e1mpago \u201c y &nbsp;\u201cEspejo convexo\u201d. Adem\u00e1s, colabor\u00f3 para revistas literarias y antolog\u00edas de Argentina y Latinoam\u00e9rica.<br><br>Se\u00f1oras y se\u00f1ores con ustedes &#8220;<a href=\"https:\/\/criticanoespecializada.com.ar\/en\/ezequiel-olasagasti\/\">Detr\u00e1s de las letras<\/a>&#8220;<\/p>\n<p>Escuchalo en&nbsp;<br>@nomehablesradio<br>@metaldesdeabajo<\/p>\n<p>Seguilo en<br><a href=\"https:\/\/www.instagram.com\/ezequiel_olasagasti\/\" target=\"_blank\" rel=\"noopener\">@ezequiel_olasagasti<\/a><\/p>\n<\/div><\/div>","protected":false},"excerpt":{"rendered":"<p>Detr\u00e1s de las letras por Ezequiel Olasagasti<\/p>","protected":false},"author":1,"featured_media":0,"parent":0,"menu_order":0,"comment_status":"closed","ping_status":"closed","template":"","meta":{"googlesitekit_rrm_CAownYrbCw:productID":"","footnotes":""},"class_list":["post-440","page","type-page","status-publish","hentry"],"aioseo_notices":[],"_hostinger_reach_plugin_has_subscription_block":false,"_hostinger_reach_plugin_is_elementor":false,"_links":{"self":[{"href":"https:\/\/criticanoespecializada.com.ar\/en\/wp-json\/wp\/v2\/pages\/440","targetHints":{"allow":["GET"]}}],"collection":[{"href":"https:\/\/criticanoespecializada.com.ar\/en\/wp-json\/wp\/v2\/pages"}],"about":[{"href":"https:\/\/criticanoespecializada.com.ar\/en\/wp-json\/wp\/v2\/types\/page"}],"author":[{"embeddable":true,"href":"https:\/\/criticanoespecializada.com.ar\/en\/wp-json\/wp\/v2\/users\/1"}],"replies":[{"embeddable":true,"href":"https:\/\/criticanoespecializada.com.ar\/en\/wp-json\/wp\/v2\/comments?post=440"}],"version-history":[{"count":4,"href":"https:\/\/criticanoespecializada.com.ar\/en\/wp-json\/wp\/v2\/pages\/440\/revisions"}],"predecessor-version":[{"id":3938,"href":"https:\/\/criticanoespecializada.com.ar\/en\/wp-json\/wp\/v2\/pages\/440\/revisions\/3938"}],"wp:attachment":[{"href":"https:\/\/criticanoespecializada.com.ar\/en\/wp-json\/wp\/v2\/media?parent=440"}],"curies":[{"name":"wp","href":"https:\/\/api.w.org\/{rel}","templated":true}]}}