{"id":81,"date":"2019-10-31T20:30:44","date_gmt":"2019-10-31T20:30:44","guid":{"rendered":"https:\/\/criticanoespecializada.ml\/?page_id=81"},"modified":"2022-09-19T12:38:07","modified_gmt":"2022-09-19T15:38:07","slug":"gianni-snow","status":"publish","type":"page","link":"https:\/\/criticanoespecializada.com.ar\/en\/gianni-snow\/","title":{"rendered":"Gianni Snow"},"content":{"rendered":"<h2 class=\"wp-block-heading\"><em><strong>Cine<\/strong> y series por Gianni Snow<\/em><br><em>Editora<\/em> <em>en <\/em>CnE<\/h2>\n\n\n\n<div class=\"wp-block-media-text alignwide is-stacked-on-mobile\"><figure class=\"wp-block-media-text__media\"><img loading=\"lazy\" decoding=\"async\" width=\"1024\" height=\"1024\" src=\"https:\/\/criticanoespecializada.ml\/wp-content\/uploads\/2019\/12\/Gianni-1-1024x1024.jpg\" alt=\"Gianni Snow\" class=\"wp-image-394 size-full\" title=\"\" srcset=\"https:\/\/criticanoespecializada.com.ar\/wp-content\/uploads\/2019\/12\/Gianni-1-1024x1024.jpg 1024w, https:\/\/criticanoespecializada.com.ar\/wp-content\/uploads\/2019\/12\/Gianni-1-300x300.jpg 300w, https:\/\/criticanoespecializada.com.ar\/wp-content\/uploads\/2019\/12\/Gianni-1-150x150.jpg 150w, https:\/\/criticanoespecializada.com.ar\/wp-content\/uploads\/2019\/12\/Gianni-1-768x767.jpg 768w, https:\/\/criticanoespecializada.com.ar\/wp-content\/uploads\/2019\/12\/Gianni-1.jpg 1081w\" sizes=\"auto, (max-width: 1024px) 100vw, 1024px\" \/><\/figure><div class=\"wp-block-media-text__content\">\n<p style=\"text-align: justify;\">Gianni Snow, estudi\u00f3 en la Escuela FX Realizaci\u00f3n integral de efectos especiales, ah\u00ed se dio cuenta que le gustaba muchos m\u00e1s el \u00e1rea de guion que cualquier otra disciplina artesanal en lo audiovisual y se fue a la UNaM, m\u00e1s espec\u00edficamente en la Facultad de Arte y Dise\u00f1o donde se recibi\u00f3 de Realizadora integral en medios audiovisuales y fot\u00f3grafa, actualmente est\u00e1 complementado su pasi\u00f3n en la escritura y estudia en la Facultad de Filosof\u00eda y Letras de la UBA, una carrera que tambi\u00e9n le gusta; Edici\u00f3n Editorial. <br>Varios a\u00f1os de experiencia en medios, tanto audiovisuales como de producci\u00f3n y conducci\u00f3n radial, se decidi\u00f3 a crear este espacio junto con otros apasionados del entretenimiento, para canalizar todo en un solo lugar.<\/p>\n<p style=\"text-align: justify;\">Su secci\u00f3n central, adem\u00e1s de la editorial de esta revista digital, es el cine; noticias, eventos, entrevistas y por supuesto cr\u00edticas con el tono acido y picante que siempre la caracteriz\u00f3.<br><a href=\"https:\/\/criticanoespecializada.com.ar\/en\/\">La cr\u00edtica<\/a>.<br><br><a href=\"https:\/\/www.instagram.com\/gianni.arce\/\" target=\"_blank\" rel=\"noopener\">@Gianni.Arce<\/a><\/p>\n<\/div><\/div>","protected":false},"excerpt":{"rendered":"<p>Cine y series por Gianni SnowEditora en CnE<\/p>","protected":false},"author":1,"featured_media":0,"parent":0,"menu_order":0,"comment_status":"closed","ping_status":"closed","template":"","meta":{"googlesitekit_rrm_CAownYrbCw:productID":"","footnotes":""},"class_list":["post-81","page","type-page","status-publish","hentry"],"aioseo_notices":[],"_hostinger_reach_plugin_has_subscription_block":false,"_hostinger_reach_plugin_is_elementor":false,"_links":{"self":[{"href":"https:\/\/criticanoespecializada.com.ar\/en\/wp-json\/wp\/v2\/pages\/81","targetHints":{"allow":["GET"]}}],"collection":[{"href":"https:\/\/criticanoespecializada.com.ar\/en\/wp-json\/wp\/v2\/pages"}],"about":[{"href":"https:\/\/criticanoespecializada.com.ar\/en\/wp-json\/wp\/v2\/types\/page"}],"author":[{"embeddable":true,"href":"https:\/\/criticanoespecializada.com.ar\/en\/wp-json\/wp\/v2\/users\/1"}],"replies":[{"embeddable":true,"href":"https:\/\/criticanoespecializada.com.ar\/en\/wp-json\/wp\/v2\/comments?post=81"}],"version-history":[{"count":5,"href":"https:\/\/criticanoespecializada.com.ar\/en\/wp-json\/wp\/v2\/pages\/81\/revisions"}],"predecessor-version":[{"id":3939,"href":"https:\/\/criticanoespecializada.com.ar\/en\/wp-json\/wp\/v2\/pages\/81\/revisions\/3939"}],"wp:attachment":[{"href":"https:\/\/criticanoespecializada.com.ar\/en\/wp-json\/wp\/v2\/media?parent=81"}],"curies":[{"name":"wp","href":"https:\/\/api.w.org\/{rel}","templated":true}]}}