{"id":811,"date":"2020-03-11T20:51:57","date_gmt":"2020-03-11T23:51:57","guid":{"rendered":"https:\/\/criticanoespecializada.ml\/?page_id=811"},"modified":"2021-07-22T17:49:32","modified_gmt":"2021-07-22T20:49:32","slug":"bloguera-nocturna","status":"publish","type":"page","link":"https:\/\/criticanoespecializada.com.ar\/en\/bloguera-nocturna\/","title":{"rendered":"Bloguera Nocturna"},"content":{"rendered":"<h2 class=\"wp-block-heading\"><strong><em>Generaci\u00f3n Twitch<\/em><\/strong> por Bloguera Nocturna<\/h2>\n\n\n\n<div class=\"wp-block-media-text alignwide is-stacked-on-mobile\"><figure class=\"wp-block-media-text__media\"><img loading=\"lazy\" decoding=\"async\" width=\"1012\" height=\"1024\" src=\"https:\/\/criticanoespecializada.ml\/wp-content\/uploads\/2020\/03\/WhatsApp-Image-2020-03-11-at-20.42.51-e1583970329836-1012x1024.jpeg\" alt=\"\" class=\"wp-image-816 size-full\" title=\"\" srcset=\"https:\/\/criticanoespecializada.com.ar\/wp-content\/uploads\/2020\/03\/WhatsApp-Image-2020-03-11-at-20.42.51-e1583970329836-1012x1024.jpeg 1012w, https:\/\/criticanoespecializada.com.ar\/wp-content\/uploads\/2020\/03\/WhatsApp-Image-2020-03-11-at-20.42.51-e1583970329836-297x300.jpeg 297w, https:\/\/criticanoespecializada.com.ar\/wp-content\/uploads\/2020\/03\/WhatsApp-Image-2020-03-11-at-20.42.51-e1583970329836-768x777.jpeg 768w, https:\/\/criticanoespecializada.com.ar\/wp-content\/uploads\/2020\/03\/WhatsApp-Image-2020-03-11-at-20.42.51-e1583970329836.jpeg 1024w\" sizes=\"auto, (max-width: 1012px) 100vw, 1012px\" \/><\/figure><div class=\"wp-block-media-text__content\">\n<p style=\"text-align: justify;\">Estudia Licenciatura en Comunicaci\u00f3n Social en la Universidad de Quilmes y es blogger desde hace m\u00e1s de una d\u00e9cada. Adem\u00e1s, es Maestra de Ingl\u00e9s recibida en Applefield Institute y posee CEFR C1 &#8211; Advanced level emitida en Regent&#8217;s University London.<br>Est\u00e1 en Twitch desde 2019 y su misi\u00f3n es aprovechar al m\u00e1ximo este medio. No solo se dedica al gaming desde que empez\u00f3 sino que tambi\u00e9n realizo sorteos, hizo un directo de 12 horas, ley\u00f3 literatura, reacciono a v\u00eddeos, streme\u00f3 con su celular desde distintos lugares de Buenos Aires y hablo con personas de todas partes por el idioma en com\u00fan, ingles.<br><br>En \u201c<strong>Generaci\u00f3n Twitch<\/strong>\u201d vamos a experimentar con la plataforma que tom\u00f3 protagonismo estos \u00faltimos a\u00f1os. \u00bfCu\u00e1l es el l\u00edmite? \u00bfQu\u00e9 se puede hacer, c\u00f3mo y d\u00f3nde? Gaming, videoreacci\u00f3n, podcasting, viajes, debates, eventos, juegos de mesa, m\u00fasica y mucho m\u00e1s \u00a1A explorar!<br><br>La podes encontrar escribiendo un poco de todo en su&nbsp;<a href=\"https:\/\/blogueranocturna.blogspot.com\/\" target=\"_blank\" rel=\"noopener noreferrer\" data-saferedirecturl=\"https:\/\/www.google.com\/url?q=https:\/\/blogueranocturna.blogspot.com\/&amp;source=gmail&amp;ust=1584050019433000&amp;usg=AFQjCNEqg_5gW3L4M-CknMPXgs6FNvd6bA\">blog<\/a>&nbsp;o en Twitter , Instagram y Twitch como @BlogueraNocturna<\/p>\n<\/div><\/div>","protected":false},"excerpt":{"rendered":"<p>Generaci\u00f3n Twitch por Bloguera Nocturna<\/p>","protected":false},"author":1,"featured_media":0,"parent":0,"menu_order":0,"comment_status":"closed","ping_status":"closed","template":"","meta":{"googlesitekit_rrm_CAownYrbCw:productID":"","footnotes":""},"class_list":["post-811","page","type-page","status-publish","hentry"],"aioseo_notices":[],"_hostinger_reach_plugin_has_subscription_block":false,"_hostinger_reach_plugin_is_elementor":false,"_links":{"self":[{"href":"https:\/\/criticanoespecializada.com.ar\/en\/wp-json\/wp\/v2\/pages\/811","targetHints":{"allow":["GET"]}}],"collection":[{"href":"https:\/\/criticanoespecializada.com.ar\/en\/wp-json\/wp\/v2\/pages"}],"about":[{"href":"https:\/\/criticanoespecializada.com.ar\/en\/wp-json\/wp\/v2\/types\/page"}],"author":[{"embeddable":true,"href":"https:\/\/criticanoespecializada.com.ar\/en\/wp-json\/wp\/v2\/users\/1"}],"replies":[{"embeddable":true,"href":"https:\/\/criticanoespecializada.com.ar\/en\/wp-json\/wp\/v2\/comments?post=811"}],"version-history":[{"count":5,"href":"https:\/\/criticanoespecializada.com.ar\/en\/wp-json\/wp\/v2\/pages\/811\/revisions"}],"predecessor-version":[{"id":1544,"href":"https:\/\/criticanoespecializada.com.ar\/en\/wp-json\/wp\/v2\/pages\/811\/revisions\/1544"}],"wp:attachment":[{"href":"https:\/\/criticanoespecializada.com.ar\/en\/wp-json\/wp\/v2\/media?parent=811"}],"curies":[{"name":"wp","href":"https:\/\/api.w.org\/{rel}","templated":true}]}}